{"id":141,"date":"2019-07-17T13:44:32","date_gmt":"2019-07-17T13:44:32","guid":{"rendered":"https:\/\/www.autoputs.fi\/?page_id=141"},"modified":"2021-05-25T21:24:43","modified_gmt":"2021-05-25T18:24:43","slug":"galleri","status":"publish","type":"page","link":"https:\/\/www.autoputs.fi\/?page_id=141","title":{"rendered":"Galleri"},"content":{"rendered":"\n\r\n<div id=\"sb_instagram\" class=\"sbi sbi_col_4  sbi_width_resp\" style=\"padding-bottom: 10px;width: 100%;\" data-feedid=\"sbi_autoputs.ekenas#4\" data-res=\"auto\" data-cols=\"4\" data-num=\"4\" data-shortcode-atts=\"{&quot;user&quot;:&quot;autoputs.ekenas&quot;,&quot;num&quot;:&quot;4&quot;,&quot;cols&quot;:&quot;4&quot;,&quot;showfollow&quot;:&quot;true&quot;}\"  data-postid=\"141\">\r\n\t<div class=\"sb_instagram_header \" style=\"padding: 5px; margin-bottom: 10px;padding-bottom: 0;\">\r\n    <a href=\"https:\/\/www.instagram.com\/autoputs.ekenas\/\" target=\"_blank\" rel=\"noopener nofollow\" title=\"@autoputs.ekenas\" class=\"sbi_header_link\">\r\n        <div class=\"sbi_header_text sbi_no_bio\">\r\n            <h3 >autoputs.ekenas<\/h3>\r\n\t                <\/div>\r\n                <div class=\"sbi_header_img\" data-avatar-url=\"https:\/\/www.autoputs.fi\/wp-content\/uploads\/sb-instagram-feed-images\/autoputs.ekenas.jpg\">\r\n            <div class=\"sbi_header_img_hover\"><svg class=\"sbi_new_logo fa-instagram fa-w-14\" aria-hidden=\"true\" data-fa-processed=\"\" aria-label=\"Instagram\" data-prefix=\"fab\" data-icon=\"instagram\" role=\"img\" viewBox=\"0 0 448 512\">\r\n\t                <path fill=\"currentColor\" d=\"M224.1 141c-63.6 0-114.9 51.3-114.9 114.9s51.3 114.9 114.9 114.9S339 319.5 339 255.9 287.7 141 224.1 141zm0 189.6c-41.1 0-74.7-33.5-74.7-74.7s33.5-74.7 74.7-74.7 74.7 33.5 74.7 74.7-33.6 74.7-74.7 74.7zm146.4-194.3c0 14.9-12 26.8-26.8 26.8-14.9 0-26.8-12-26.8-26.8s12-26.8 26.8-26.8 26.8 12 26.8 26.8zm76.1 27.2c-1.7-35.9-9.9-67.7-36.2-93.9-26.2-26.2-58-34.4-93.9-36.2-37-2.1-147.9-2.1-184.9 0-35.8 1.7-67.6 9.9-93.9 36.1s-34.4 58-36.2 93.9c-2.1 37-2.1 147.9 0 184.9 1.7 35.9 9.9 67.7 36.2 93.9s58 34.4 93.9 36.2c37 2.1 147.9 2.1 184.9 0 35.9-1.7 67.7-9.9 93.9-36.2 26.2-26.2 34.4-58 36.2-93.9 2.1-37 2.1-147.8 0-184.8zM398.8 388c-7.8 19.6-22.9 34.7-42.6 42.6-29.5 11.7-99.5 9-132.1 9s-102.7 2.6-132.1-9c-19.6-7.8-34.7-22.9-42.6-42.6-11.7-29.5-9-99.5-9-132.1s-2.6-102.7 9-132.1c7.8-19.6 22.9-34.7 42.6-42.6 29.5-11.7 99.5-9 132.1-9s102.7-2.6 132.1 9c19.6 7.8 34.7 22.9 42.6 42.6 11.7 29.5 9 99.5 9 132.1s2.7 102.7-9 132.1z\"><\/path>\r\n\t            <\/svg><\/div>\r\n            <img src=\"https:\/\/www.autoputs.fi\/wp-content\/uploads\/sb-instagram-feed-images\/autoputs.ekenas.jpg\" alt=\"Autoputs\" width=\"50\" height=\"50\">\r\n        <\/div>\r\n        \r\n    <\/a>\r\n<\/div>\r\n    <div id=\"sbi_images\" style=\"padding: 5px;\">\r\n\t\t<div class=\"sbi_item sbi_type_video sbi_new sbi_transition\" id=\"sbi_18030941306558454\" data-date=\"1766241255\">\r\n    <div class=\"sbi_photo_wrap\">\r\n        <a class=\"sbi_photo\" href=\"https:\/\/www.instagram.com\/reel\/DSfR2poCES4\/\" target=\"_blank\" rel=\"noopener nofollow\" data-full-res=\"https:\/\/scontent.cdninstagram.com\/v\/t51.71878-15\/603752241_1748848819132553_6401793764102526520_n.jpg?stp=dst-jpg_e35_tt6&#038;_nc_cat=106&#038;ccb=7-5&#038;_nc_sid=18de74&#038;efg=eyJlZmdfdGFnIjoiQ0xJUFMuYmVzdF9pbWFnZV91cmxnZW4uQzMifQ%3D%3D&#038;_nc_ohc=zgUgfjojiyEQ7kNvwGuZBUy&#038;_nc_oc=AdpAdHumi_5p4A85Q0h1fiRatG8zeE8DlHHJSatLQWp9By1NSJ7F4dFyqsBKV6Pephs&#038;_nc_zt=23&#038;_nc_ht=scontent.cdninstagram.com&#038;edm=AM6HXa8EAAAA&#038;_nc_gid=SInu6Lym0hmxEGZvuVQ9aA&#038;_nc_tpa=Q5bMBQEFQO9a8hJJG6icqbbOfHO0wX2gGNx3-K_3ZcKv4tK9Cc_s5PQxWGxJpE0ULMWRjuUnnYaI4ZUW&#038;oh=00_Af5DV8DEkS7N5t5MJ5-IARDoNmRm97dzgla-t38n0mziEA&#038;oe=69FF7B6E\" data-img-src-set=\"{&quot;d&quot;:&quot;https:\\\/\\\/scontent.cdninstagram.com\\\/v\\\/t51.71878-15\\\/603752241_1748848819132553_6401793764102526520_n.jpg?stp=dst-jpg_e35_tt6&amp;_nc_cat=106&amp;ccb=7-5&amp;_nc_sid=18de74&amp;efg=eyJlZmdfdGFnIjoiQ0xJUFMuYmVzdF9pbWFnZV91cmxnZW4uQzMifQ%3D%3D&amp;_nc_ohc=zgUgfjojiyEQ7kNvwGuZBUy&amp;_nc_oc=AdpAdHumi_5p4A85Q0h1fiRatG8zeE8DlHHJSatLQWp9By1NSJ7F4dFyqsBKV6Pephs&amp;_nc_zt=23&amp;_nc_ht=scontent.cdninstagram.com&amp;edm=AM6HXa8EAAAA&amp;_nc_gid=SInu6Lym0hmxEGZvuVQ9aA&amp;_nc_tpa=Q5bMBQEFQO9a8hJJG6icqbbOfHO0wX2gGNx3-K_3ZcKv4tK9Cc_s5PQxWGxJpE0ULMWRjuUnnYaI4ZUW&amp;oh=00_Af5DV8DEkS7N5t5MJ5-IARDoNmRm97dzgla-t38n0mziEA&amp;oe=69FF7B6E&quot;,&quot;150&quot;:&quot;https:\\\/\\\/scontent.cdninstagram.com\\\/v\\\/t51.71878-15\\\/603752241_1748848819132553_6401793764102526520_n.jpg?stp=dst-jpg_e35_tt6&amp;_nc_cat=106&amp;ccb=7-5&amp;_nc_sid=18de74&amp;efg=eyJlZmdfdGFnIjoiQ0xJUFMuYmVzdF9pbWFnZV91cmxnZW4uQzMifQ%3D%3D&amp;_nc_ohc=zgUgfjojiyEQ7kNvwGuZBUy&amp;_nc_oc=AdpAdHumi_5p4A85Q0h1fiRatG8zeE8DlHHJSatLQWp9By1NSJ7F4dFyqsBKV6Pephs&amp;_nc_zt=23&amp;_nc_ht=scontent.cdninstagram.com&amp;edm=AM6HXa8EAAAA&amp;_nc_gid=SInu6Lym0hmxEGZvuVQ9aA&amp;_nc_tpa=Q5bMBQEFQO9a8hJJG6icqbbOfHO0wX2gGNx3-K_3ZcKv4tK9Cc_s5PQxWGxJpE0ULMWRjuUnnYaI4ZUW&amp;oh=00_Af5DV8DEkS7N5t5MJ5-IARDoNmRm97dzgla-t38n0mziEA&amp;oe=69FF7B6E&quot;,&quot;320&quot;:&quot;https:\\\/\\\/scontent.cdninstagram.com\\\/v\\\/t51.71878-15\\\/603752241_1748848819132553_6401793764102526520_n.jpg?stp=dst-jpg_e35_tt6&amp;_nc_cat=106&amp;ccb=7-5&amp;_nc_sid=18de74&amp;efg=eyJlZmdfdGFnIjoiQ0xJUFMuYmVzdF9pbWFnZV91cmxnZW4uQzMifQ%3D%3D&amp;_nc_ohc=zgUgfjojiyEQ7kNvwGuZBUy&amp;_nc_oc=AdpAdHumi_5p4A85Q0h1fiRatG8zeE8DlHHJSatLQWp9By1NSJ7F4dFyqsBKV6Pephs&amp;_nc_zt=23&amp;_nc_ht=scontent.cdninstagram.com&amp;edm=AM6HXa8EAAAA&amp;_nc_gid=SInu6Lym0hmxEGZvuVQ9aA&amp;_nc_tpa=Q5bMBQEFQO9a8hJJG6icqbbOfHO0wX2gGNx3-K_3ZcKv4tK9Cc_s5PQxWGxJpE0ULMWRjuUnnYaI4ZUW&amp;oh=00_Af5DV8DEkS7N5t5MJ5-IARDoNmRm97dzgla-t38n0mziEA&amp;oe=69FF7B6E&quot;,&quot;640&quot;:&quot;https:\\\/\\\/scontent.cdninstagram.com\\\/v\\\/t51.71878-15\\\/603752241_1748848819132553_6401793764102526520_n.jpg?stp=dst-jpg_e35_tt6&amp;_nc_cat=106&amp;ccb=7-5&amp;_nc_sid=18de74&amp;efg=eyJlZmdfdGFnIjoiQ0xJUFMuYmVzdF9pbWFnZV91cmxnZW4uQzMifQ%3D%3D&amp;_nc_ohc=zgUgfjojiyEQ7kNvwGuZBUy&amp;_nc_oc=AdpAdHumi_5p4A85Q0h1fiRatG8zeE8DlHHJSatLQWp9By1NSJ7F4dFyqsBKV6Pephs&amp;_nc_zt=23&amp;_nc_ht=scontent.cdninstagram.com&amp;edm=AM6HXa8EAAAA&amp;_nc_gid=SInu6Lym0hmxEGZvuVQ9aA&amp;_nc_tpa=Q5bMBQEFQO9a8hJJG6icqbbOfHO0wX2gGNx3-K_3ZcKv4tK9Cc_s5PQxWGxJpE0ULMWRjuUnnYaI4ZUW&amp;oh=00_Af5DV8DEkS7N5t5MJ5-IARDoNmRm97dzgla-t38n0mziEA&amp;oe=69FF7B6E&quot;}\">\r\n            <span class=\"sbi-screenreader\">\ud83d\ude97\u2728<\/span>\r\n            \t        <svg style=\"color: rgba(255,255,255,1)\" class=\"svg-inline--fa fa-play fa-w-14 sbi_playbtn\" aria-label=\"Play\" aria-hidden=\"true\" data-fa-processed=\"\" data-prefix=\"fa\" data-icon=\"play\" role=\"presentation\" xmlns=\"http:\/\/www.w3.org\/2000\/svg\" viewBox=\"0 0 448 512\"><path fill=\"currentColor\" d=\"M424.4 214.7L72.4 6.6C43.8-10.3 0 6.1 0 47.9V464c0 37.5 40.7 60.1 72.4 41.3l352-208c31.4-18.5 31.5-64.1 0-82.6z\"><\/path><\/svg>            <img src=\"https:\/\/www.autoputs.fi\/wp-content\/plugins\/instagram-feed\/img\/placeholder.png\" alt=\"\ud83d\ude97\u2728\">\r\n        <\/a>\r\n    <\/div>\r\n<\/div><div class=\"sbi_item sbi_type_carousel sbi_new sbi_transition\" id=\"sbi_18077999747279636\" data-date=\"1758978997\">\r\n    <div class=\"sbi_photo_wrap\">\r\n        <a class=\"sbi_photo\" href=\"https:\/\/www.instagram.com\/p\/DPG2bHMCOKS\/\" target=\"_blank\" rel=\"noopener nofollow\" data-full-res=\"https:\/\/scontent.cdninstagram.com\/v\/t51.82787-15\/555091895_18095265631673587_1639791443984488008_n.jpg?stp=dst-jpg_e35_tt6&#038;_nc_cat=110&#038;ccb=7-5&#038;_nc_sid=18de74&#038;efg=eyJlZmdfdGFnIjoiQ0FST1VTRUxfSVRFTS5iZXN0X2ltYWdlX3VybGdlbi5DMyJ9&#038;_nc_ohc=5qhxC-c577cQ7kNvwFGpXnl&#038;_nc_oc=AdovuQqzCP8M_fEE7HhxPXDrzsqAspb9Kd05s5Cbr9zELLQRBatN5i0HrKceHGzdjBM&#038;_nc_zt=23&#038;_nc_ht=scontent.cdninstagram.com&#038;edm=AM6HXa8EAAAA&#038;_nc_gid=SInu6Lym0hmxEGZvuVQ9aA&#038;oh=00_Af5W0HgPr_VlrWFNyfgJSpO4CCFFvq5wavpl2C9FacJsLQ&#038;oe=69FF99CC\" data-img-src-set=\"{&quot;d&quot;:&quot;https:\\\/\\\/scontent.cdninstagram.com\\\/v\\\/t51.82787-15\\\/555091895_18095265631673587_1639791443984488008_n.jpg?stp=dst-jpg_e35_tt6&amp;_nc_cat=110&amp;ccb=7-5&amp;_nc_sid=18de74&amp;efg=eyJlZmdfdGFnIjoiQ0FST1VTRUxfSVRFTS5iZXN0X2ltYWdlX3VybGdlbi5DMyJ9&amp;_nc_ohc=5qhxC-c577cQ7kNvwFGpXnl&amp;_nc_oc=AdovuQqzCP8M_fEE7HhxPXDrzsqAspb9Kd05s5Cbr9zELLQRBatN5i0HrKceHGzdjBM&amp;_nc_zt=23&amp;_nc_ht=scontent.cdninstagram.com&amp;edm=AM6HXa8EAAAA&amp;_nc_gid=SInu6Lym0hmxEGZvuVQ9aA&amp;oh=00_Af5W0HgPr_VlrWFNyfgJSpO4CCFFvq5wavpl2C9FacJsLQ&amp;oe=69FF99CC&quot;,&quot;150&quot;:&quot;https:\\\/\\\/scontent.cdninstagram.com\\\/v\\\/t51.82787-15\\\/555091895_18095265631673587_1639791443984488008_n.jpg?stp=dst-jpg_e35_tt6&amp;_nc_cat=110&amp;ccb=7-5&amp;_nc_sid=18de74&amp;efg=eyJlZmdfdGFnIjoiQ0FST1VTRUxfSVRFTS5iZXN0X2ltYWdlX3VybGdlbi5DMyJ9&amp;_nc_ohc=5qhxC-c577cQ7kNvwFGpXnl&amp;_nc_oc=AdovuQqzCP8M_fEE7HhxPXDrzsqAspb9Kd05s5Cbr9zELLQRBatN5i0HrKceHGzdjBM&amp;_nc_zt=23&amp;_nc_ht=scontent.cdninstagram.com&amp;edm=AM6HXa8EAAAA&amp;_nc_gid=SInu6Lym0hmxEGZvuVQ9aA&amp;oh=00_Af5W0HgPr_VlrWFNyfgJSpO4CCFFvq5wavpl2C9FacJsLQ&amp;oe=69FF99CC&quot;,&quot;320&quot;:&quot;https:\\\/\\\/scontent.cdninstagram.com\\\/v\\\/t51.82787-15\\\/555091895_18095265631673587_1639791443984488008_n.jpg?stp=dst-jpg_e35_tt6&amp;_nc_cat=110&amp;ccb=7-5&amp;_nc_sid=18de74&amp;efg=eyJlZmdfdGFnIjoiQ0FST1VTRUxfSVRFTS5iZXN0X2ltYWdlX3VybGdlbi5DMyJ9&amp;_nc_ohc=5qhxC-c577cQ7kNvwFGpXnl&amp;_nc_oc=AdovuQqzCP8M_fEE7HhxPXDrzsqAspb9Kd05s5Cbr9zELLQRBatN5i0HrKceHGzdjBM&amp;_nc_zt=23&amp;_nc_ht=scontent.cdninstagram.com&amp;edm=AM6HXa8EAAAA&amp;_nc_gid=SInu6Lym0hmxEGZvuVQ9aA&amp;oh=00_Af5W0HgPr_VlrWFNyfgJSpO4CCFFvq5wavpl2C9FacJsLQ&amp;oe=69FF99CC&quot;,&quot;640&quot;:&quot;https:\\\/\\\/scontent.cdninstagram.com\\\/v\\\/t51.82787-15\\\/555091895_18095265631673587_1639791443984488008_n.jpg?stp=dst-jpg_e35_tt6&amp;_nc_cat=110&amp;ccb=7-5&amp;_nc_sid=18de74&amp;efg=eyJlZmdfdGFnIjoiQ0FST1VTRUxfSVRFTS5iZXN0X2ltYWdlX3VybGdlbi5DMyJ9&amp;_nc_ohc=5qhxC-c577cQ7kNvwFGpXnl&amp;_nc_oc=AdovuQqzCP8M_fEE7HhxPXDrzsqAspb9Kd05s5Cbr9zELLQRBatN5i0HrKceHGzdjBM&amp;_nc_zt=23&amp;_nc_ht=scontent.cdninstagram.com&amp;edm=AM6HXa8EAAAA&amp;_nc_gid=SInu6Lym0hmxEGZvuVQ9aA&amp;oh=00_Af5W0HgPr_VlrWFNyfgJSpO4CCFFvq5wavpl2C9FacJsLQ&amp;oe=69FF99CC&quot;}\">\r\n            <span class=\"sbi-screenreader\">Vi har flyttat \/ Olemme muuttaneet! \ud83d\ude97\u2728\n\nEfter<\/span>\r\n            <svg class=\"svg-inline--fa fa-clone fa-w-16 sbi_lightbox_carousel_icon\" aria-hidden=\"true\" aria-label=\"Clone\" data-fa-pro\u0192cessed=\"\" data-prefix=\"far\" data-icon=\"clone\" role=\"img\" xmlns=\"http:\/\/www.w3.org\/2000\/svg\" viewBox=\"0 0 512 512\">\r\n\t                <path fill=\"currentColor\" d=\"M464 0H144c-26.51 0-48 21.49-48 48v48H48c-26.51 0-48 21.49-48 48v320c0 26.51 21.49 48 48 48h320c26.51 0 48-21.49 48-48v-48h48c26.51 0 48-21.49 48-48V48c0-26.51-21.49-48-48-48zM362 464H54a6 6 0 0 1-6-6V150a6 6 0 0 1 6-6h42v224c0 26.51 21.49 48 48 48h224v42a6 6 0 0 1-6 6zm96-96H150a6 6 0 0 1-6-6V54a6 6 0 0 1 6-6h308a6 6 0 0 1 6 6v308a6 6 0 0 1-6 6z\"><\/path>\r\n\t            <\/svg>\t                    <img src=\"https:\/\/www.autoputs.fi\/wp-content\/plugins\/instagram-feed\/img\/placeholder.png\" alt=\"Vi har flyttat \/ Olemme muuttaneet! \ud83d\ude97\u2728\n\nEfter drygt 16 \u00e5r i k\u00e4llaren vid K-Supermarket har vi nu flyttat till Chauff\u00f6rsv\u00e4gen 10 i Horsb\u00e4ck.\n\nVi erbjuder samma tj\u00e4nster som tidigare \u2013 och nu har vi \u00e4ven ett trevligt v\u00e4ntrum d\u00e4r du kan ta en kopp kaffe och koppla av medan vi tar hand om ditt fordon.\n\nTakh\u00f6jden i hallen \u00e4r h\u00f6gre, vilket betyder att vi ocks\u00e5 kan ta emot st\u00f6rre bilar.\n\n\ud83d\udc49 Boka din tid via www.autoputs.fi, ring oss p\u00e5 044 372 9180 eller kom in till oss direkt.\n\nVi \u00f6nskar b\u00e5de gamla och nya kunder varmt v\u00e4lkomna!\n\nMvh,\nAutoputs\n\nYli 16 vuoden j\u00e4lkeen K-Supermarketin kellarissa olemme muuttaneet uusiin tiloihin osoitteeseen Kuljettajantie 10, Horsb\u00e4ck.\n\nPalvelumme jatkuvat entiseen tapaan \u2013 ja nyt meill\u00e4 on my\u00f6s viihtyis\u00e4 odotustila, jossa voit nauttia kupin kahvia ja rentoutua sill\u00e4 aikaa kun huolehdimme autostasi.\n\nHallin korkeampi tila mahdollistaa my\u00f6s isompien ajoneuvojen vastaanoton.\n\n\ud83d\udc49 Varaa aikasi osoitteessa www.autoputs.fi, soittamalla 044 372 9180 tai tule k\u00e4ym\u00e4\u00e4n paikan p\u00e4\u00e4ll\u00e4.\n\nToivotamme kaikki uudet ja vanhat asiakkaat syd\u00e4mellisesti tervetulleiksi!\n\nTerveisin,\nAutoputs\">\r\n        <\/a>\r\n    <\/div>\r\n<\/div><div class=\"sbi_item sbi_type_image sbi_new sbi_transition\" id=\"sbi_17931628235161150\" data-date=\"1655821361\">\r\n    <div class=\"sbi_photo_wrap\">\r\n        <a class=\"sbi_photo\" href=\"https:\/\/www.instagram.com\/p\/CfEg2Wwqygy\/\" target=\"_blank\" rel=\"noopener nofollow\" data-full-res=\"https:\/\/scontent.cdninstagram.com\/v\/t51.82787-15\/622776771_18070183691161150_4831421609991843497_n.webp?stp=dst-jpg_e35_tt6&#038;_nc_cat=100&#038;ccb=7-5&#038;_nc_sid=18de74&#038;efg=eyJlZmdfdGFnIjoiRkVFRC5iZXN0X2ltYWdlX3VybGdlbi5DMyJ9&#038;_nc_ohc=bJMTYFTeAVsQ7kNvwFrR7bz&#038;_nc_oc=AdppZuzj0_eSJCDzhEbhBIazUEkFDWrGWvu1Xl2tMTh4icF4KITEhg39ugOpjWHVzAc&#038;_nc_zt=23&#038;_nc_ht=scontent.cdninstagram.com&#038;edm=AM6HXa8EAAAA&#038;_nc_gid=SInu6Lym0hmxEGZvuVQ9aA&#038;oh=00_Af77jA96GfWpABMgrVy5khX1XactXaY8Di39nDij7TnsGA&#038;oe=69FF73DF\" data-img-src-set=\"{&quot;d&quot;:&quot;https:\\\/\\\/scontent.cdninstagram.com\\\/v\\\/t51.82787-15\\\/622776771_18070183691161150_4831421609991843497_n.webp?stp=dst-jpg_e35_tt6&amp;_nc_cat=100&amp;ccb=7-5&amp;_nc_sid=18de74&amp;efg=eyJlZmdfdGFnIjoiRkVFRC5iZXN0X2ltYWdlX3VybGdlbi5DMyJ9&amp;_nc_ohc=bJMTYFTeAVsQ7kNvwFrR7bz&amp;_nc_oc=AdppZuzj0_eSJCDzhEbhBIazUEkFDWrGWvu1Xl2tMTh4icF4KITEhg39ugOpjWHVzAc&amp;_nc_zt=23&amp;_nc_ht=scontent.cdninstagram.com&amp;edm=AM6HXa8EAAAA&amp;_nc_gid=SInu6Lym0hmxEGZvuVQ9aA&amp;oh=00_Af77jA96GfWpABMgrVy5khX1XactXaY8Di39nDij7TnsGA&amp;oe=69FF73DF&quot;,&quot;150&quot;:&quot;https:\\\/\\\/scontent.cdninstagram.com\\\/v\\\/t51.82787-15\\\/622776771_18070183691161150_4831421609991843497_n.webp?stp=dst-jpg_e35_tt6&amp;_nc_cat=100&amp;ccb=7-5&amp;_nc_sid=18de74&amp;efg=eyJlZmdfdGFnIjoiRkVFRC5iZXN0X2ltYWdlX3VybGdlbi5DMyJ9&amp;_nc_ohc=bJMTYFTeAVsQ7kNvwFrR7bz&amp;_nc_oc=AdppZuzj0_eSJCDzhEbhBIazUEkFDWrGWvu1Xl2tMTh4icF4KITEhg39ugOpjWHVzAc&amp;_nc_zt=23&amp;_nc_ht=scontent.cdninstagram.com&amp;edm=AM6HXa8EAAAA&amp;_nc_gid=SInu6Lym0hmxEGZvuVQ9aA&amp;oh=00_Af77jA96GfWpABMgrVy5khX1XactXaY8Di39nDij7TnsGA&amp;oe=69FF73DF&quot;,&quot;320&quot;:&quot;https:\\\/\\\/scontent.cdninstagram.com\\\/v\\\/t51.82787-15\\\/622776771_18070183691161150_4831421609991843497_n.webp?stp=dst-jpg_e35_tt6&amp;_nc_cat=100&amp;ccb=7-5&amp;_nc_sid=18de74&amp;efg=eyJlZmdfdGFnIjoiRkVFRC5iZXN0X2ltYWdlX3VybGdlbi5DMyJ9&amp;_nc_ohc=bJMTYFTeAVsQ7kNvwFrR7bz&amp;_nc_oc=AdppZuzj0_eSJCDzhEbhBIazUEkFDWrGWvu1Xl2tMTh4icF4KITEhg39ugOpjWHVzAc&amp;_nc_zt=23&amp;_nc_ht=scontent.cdninstagram.com&amp;edm=AM6HXa8EAAAA&amp;_nc_gid=SInu6Lym0hmxEGZvuVQ9aA&amp;oh=00_Af77jA96GfWpABMgrVy5khX1XactXaY8Di39nDij7TnsGA&amp;oe=69FF73DF&quot;,&quot;640&quot;:&quot;https:\\\/\\\/scontent.cdninstagram.com\\\/v\\\/t51.82787-15\\\/622776771_18070183691161150_4831421609991843497_n.webp?stp=dst-jpg_e35_tt6&amp;_nc_cat=100&amp;ccb=7-5&amp;_nc_sid=18de74&amp;efg=eyJlZmdfdGFnIjoiRkVFRC5iZXN0X2ltYWdlX3VybGdlbi5DMyJ9&amp;_nc_ohc=bJMTYFTeAVsQ7kNvwFrR7bz&amp;_nc_oc=AdppZuzj0_eSJCDzhEbhBIazUEkFDWrGWvu1Xl2tMTh4icF4KITEhg39ugOpjWHVzAc&amp;_nc_zt=23&amp;_nc_ht=scontent.cdninstagram.com&amp;edm=AM6HXa8EAAAA&amp;_nc_gid=SInu6Lym0hmxEGZvuVQ9aA&amp;oh=00_Af77jA96GfWpABMgrVy5khX1XactXaY8Di39nDij7TnsGA&amp;oe=69FF73DF&quot;}\">\r\n            <span class=\"sbi-screenreader\"><\/span>\r\n            \t                    <img src=\"https:\/\/www.autoputs.fi\/wp-content\/plugins\/instagram-feed\/img\/placeholder.png\" alt=\"Nu \u00e4ven A\/C p\u00e5fyllning hos oss.\nNyt my\u00f6s A\/C t\u00e4ytt\u00f6 meill\u00e4.\n(R134a kyl\u00e4mne\/kylm\u00e4aine) 69\u20ac\">\r\n        <\/a>\r\n    <\/div>\r\n<\/div><div class=\"sbi_item sbi_type_carousel sbi_new sbi_transition\" id=\"sbi_18250716922061216\" data-date=\"1632496457\">\r\n    <div class=\"sbi_photo_wrap\">\r\n        <a class=\"sbi_photo\" href=\"https:\/\/www.instagram.com\/p\/CUNYIB1KX54\/\" target=\"_blank\" rel=\"noopener nofollow\" data-full-res=\"https:\/\/scontent.cdninstagram.com\/v\/t51.82787-15\/652007075_18122679448599744_8231024680042907032_n.jpg?stp=dst-jpg_e35_tt6&#038;_nc_cat=107&#038;ccb=7-5&#038;_nc_sid=18de74&#038;efg=eyJlZmdfdGFnIjoiQ0FST1VTRUxfSVRFTS5iZXN0X2ltYWdlX3VybGdlbi5DMyJ9&#038;_nc_ohc=4s6o1Kko-k4Q7kNvwENgghy&#038;_nc_oc=AdoukMUhBLfeJJlaCErkAGiEJK2BpJ5EXqRaJkix1U49lbV96RosZj95C5QnkJirpGU&#038;_nc_zt=23&#038;_nc_ht=scontent.cdninstagram.com&#038;edm=AM6HXa8EAAAA&#038;_nc_gid=SInu6Lym0hmxEGZvuVQ9aA&#038;oh=00_Af6aHXGnqIJeGjb8-daEe_Jo5p3vEBhOZnIr0QHK1poBTg&#038;oe=69FF91F0\" data-img-src-set=\"{&quot;d&quot;:&quot;https:\\\/\\\/scontent.cdninstagram.com\\\/v\\\/t51.82787-15\\\/652007075_18122679448599744_8231024680042907032_n.jpg?stp=dst-jpg_e35_tt6&amp;_nc_cat=107&amp;ccb=7-5&amp;_nc_sid=18de74&amp;efg=eyJlZmdfdGFnIjoiQ0FST1VTRUxfSVRFTS5iZXN0X2ltYWdlX3VybGdlbi5DMyJ9&amp;_nc_ohc=4s6o1Kko-k4Q7kNvwENgghy&amp;_nc_oc=AdoukMUhBLfeJJlaCErkAGiEJK2BpJ5EXqRaJkix1U49lbV96RosZj95C5QnkJirpGU&amp;_nc_zt=23&amp;_nc_ht=scontent.cdninstagram.com&amp;edm=AM6HXa8EAAAA&amp;_nc_gid=SInu6Lym0hmxEGZvuVQ9aA&amp;oh=00_Af6aHXGnqIJeGjb8-daEe_Jo5p3vEBhOZnIr0QHK1poBTg&amp;oe=69FF91F0&quot;,&quot;150&quot;:&quot;https:\\\/\\\/scontent.cdninstagram.com\\\/v\\\/t51.82787-15\\\/652007075_18122679448599744_8231024680042907032_n.jpg?stp=dst-jpg_e35_tt6&amp;_nc_cat=107&amp;ccb=7-5&amp;_nc_sid=18de74&amp;efg=eyJlZmdfdGFnIjoiQ0FST1VTRUxfSVRFTS5iZXN0X2ltYWdlX3VybGdlbi5DMyJ9&amp;_nc_ohc=4s6o1Kko-k4Q7kNvwENgghy&amp;_nc_oc=AdoukMUhBLfeJJlaCErkAGiEJK2BpJ5EXqRaJkix1U49lbV96RosZj95C5QnkJirpGU&amp;_nc_zt=23&amp;_nc_ht=scontent.cdninstagram.com&amp;edm=AM6HXa8EAAAA&amp;_nc_gid=SInu6Lym0hmxEGZvuVQ9aA&amp;oh=00_Af6aHXGnqIJeGjb8-daEe_Jo5p3vEBhOZnIr0QHK1poBTg&amp;oe=69FF91F0&quot;,&quot;320&quot;:&quot;https:\\\/\\\/scontent.cdninstagram.com\\\/v\\\/t51.82787-15\\\/652007075_18122679448599744_8231024680042907032_n.jpg?stp=dst-jpg_e35_tt6&amp;_nc_cat=107&amp;ccb=7-5&amp;_nc_sid=18de74&amp;efg=eyJlZmdfdGFnIjoiQ0FST1VTRUxfSVRFTS5iZXN0X2ltYWdlX3VybGdlbi5DMyJ9&amp;_nc_ohc=4s6o1Kko-k4Q7kNvwENgghy&amp;_nc_oc=AdoukMUhBLfeJJlaCErkAGiEJK2BpJ5EXqRaJkix1U49lbV96RosZj95C5QnkJirpGU&amp;_nc_zt=23&amp;_nc_ht=scontent.cdninstagram.com&amp;edm=AM6HXa8EAAAA&amp;_nc_gid=SInu6Lym0hmxEGZvuVQ9aA&amp;oh=00_Af6aHXGnqIJeGjb8-daEe_Jo5p3vEBhOZnIr0QHK1poBTg&amp;oe=69FF91F0&quot;,&quot;640&quot;:&quot;https:\\\/\\\/scontent.cdninstagram.com\\\/v\\\/t51.82787-15\\\/652007075_18122679448599744_8231024680042907032_n.jpg?stp=dst-jpg_e35_tt6&amp;_nc_cat=107&amp;ccb=7-5&amp;_nc_sid=18de74&amp;efg=eyJlZmdfdGFnIjoiQ0FST1VTRUxfSVRFTS5iZXN0X2ltYWdlX3VybGdlbi5DMyJ9&amp;_nc_ohc=4s6o1Kko-k4Q7kNvwENgghy&amp;_nc_oc=AdoukMUhBLfeJJlaCErkAGiEJK2BpJ5EXqRaJkix1U49lbV96RosZj95C5QnkJirpGU&amp;_nc_zt=23&amp;_nc_ht=scontent.cdninstagram.com&amp;edm=AM6HXa8EAAAA&amp;_nc_gid=SInu6Lym0hmxEGZvuVQ9aA&amp;oh=00_Af6aHXGnqIJeGjb8-daEe_Jo5p3vEBhOZnIr0QHK1poBTg&amp;oe=69FF91F0&quot;}\">\r\n            <span class=\"sbi-screenreader\"><\/span>\r\n            <svg class=\"svg-inline--fa fa-clone fa-w-16 sbi_lightbox_carousel_icon\" aria-hidden=\"true\" aria-label=\"Clone\" data-fa-pro\u0192cessed=\"\" data-prefix=\"far\" data-icon=\"clone\" role=\"img\" xmlns=\"http:\/\/www.w3.org\/2000\/svg\" viewBox=\"0 0 512 512\">\r\n\t                <path fill=\"currentColor\" d=\"M464 0H144c-26.51 0-48 21.49-48 48v48H48c-26.51 0-48 21.49-48 48v320c0 26.51 21.49 48 48 48h320c26.51 0 48-21.49 48-48v-48h48c26.51 0 48-21.49 48-48V48c0-26.51-21.49-48-48-48zM362 464H54a6 6 0 0 1-6-6V150a6 6 0 0 1 6-6h42v224c0 26.51 21.49 48 48 48h224v42a6 6 0 0 1-6 6zm96-96H150a6 6 0 0 1-6-6V54a6 6 0 0 1 6-6h308a6 6 0 0 1 6 6v308a6 6 0 0 1-6 6z\"><\/path>\r\n\t            <\/svg>\t                    <img src=\"https:\/\/www.autoputs.fi\/wp-content\/plugins\/instagram-feed\/img\/placeholder.png\" alt=\"Kv\u00e4llarna blir m\u00f6rkare, vilket skick \u00e4r dina k\u00f6rljus? Vid behov v\u00e4cker vi nytt liv i dem. \ud83d\udc4c\n\nIllat pimenev\u00e4t, miss\u00e4 kunnossa ajovalosi ovat?\nTarvittaessa uudistamme ne uuteen el\u00e4m\u00e4\u00e4n. \ud83d\udc4c\">\r\n        <\/a>\r\n    <\/div>\r\n<\/div>    <\/div>\r\n\r\n\t<div id=\"sbi_load\">\r\n\r\n\t        <a class=\"sbi_load_btn\" href=\"javascript:void(0);\" >\r\n            <span class=\"sbi_btn_text\">Ladda mer\u2026<\/span>\r\n            <span class=\"sbi_loader sbi_hidden\" style=\"background-color: rgb(255, 255, 255);\" aria-hidden=\"true\"><\/span>\r\n        <\/a>\r\n\t\r\n\t    <span class=\"sbi_follow_btn\">\r\n        <a href=\"https:\/\/www.instagram.com\/autoputs.ekenas\/\"  target=\"_blank\" rel=\"noopener nofollow\"><svg class=\"svg-inline--fa fa-instagram fa-w-14\" aria-hidden=\"true\" data-fa-processed=\"\" aria-label=\"Instagram\" data-prefix=\"fab\" data-icon=\"instagram\" role=\"img\" viewBox=\"0 0 448 512\">\r\n\t                <path fill=\"currentColor\" d=\"M224.1 141c-63.6 0-114.9 51.3-114.9 114.9s51.3 114.9 114.9 114.9S339 319.5 339 255.9 287.7 141 224.1 141zm0 189.6c-41.1 0-74.7-33.5-74.7-74.7s33.5-74.7 74.7-74.7 74.7 33.5 74.7 74.7-33.6 74.7-74.7 74.7zm146.4-194.3c0 14.9-12 26.8-26.8 26.8-14.9 0-26.8-12-26.8-26.8s12-26.8 26.8-26.8 26.8 12 26.8 26.8zm76.1 27.2c-1.7-35.9-9.9-67.7-36.2-93.9-26.2-26.2-58-34.4-93.9-36.2-37-2.1-147.9-2.1-184.9 0-35.8 1.7-67.6 9.9-93.9 36.1s-34.4 58-36.2 93.9c-2.1 37-2.1 147.9 0 184.9 1.7 35.9 9.9 67.7 36.2 93.9s58 34.4 93.9 36.2c37 2.1 147.9 2.1 184.9 0 35.9-1.7 67.7-9.9 93.9-36.2 26.2-26.2 34.4-58 36.2-93.9 2.1-37 2.1-147.8 0-184.8zM398.8 388c-7.8 19.6-22.9 34.7-42.6 42.6-29.5 11.7-99.5 9-132.1 9s-102.7 2.6-132.1-9c-19.6-7.8-34.7-22.9-42.6-42.6-11.7-29.5-9-99.5-9-132.1s-2.6-102.7 9-132.1c7.8-19.6 22.9-34.7 42.6-42.6 29.5-11.7 99.5-9 132.1-9s102.7-2.6 132.1 9c19.6 7.8 34.7 22.9 42.6 42.6 11.7 29.5 9 99.5 9 132.1s2.7 102.7-9 132.1z\"><\/path>\r\n\t            <\/svg>F\u00f6lj p\u00e5 Instagram<\/a>\r\n    <\/span>\r\n\t\r\n<\/div>\r\n\t    <span class=\"sbi_resized_image_data\" data-feed-id=\"sbi_autoputs.ekenas#4\" data-resized=\"{&quot;18250716922061216&quot;:{&quot;id&quot;:&quot;242615134_1509409996102635_5249007744571275218_n&quot;,&quot;ratio&quot;:&quot;1.00&quot;,&quot;sizes&quot;:{&quot;full&quot;:640,&quot;low&quot;:320,&quot;thumb&quot;:150}},&quot;17931628235161150&quot;:{&quot;id&quot;:&quot;289048689_2004465263095704_3861938274200273183_n.webp&quot;,&quot;ratio&quot;:&quot;1.00&quot;,&quot;sizes&quot;:{&quot;full&quot;:640,&quot;low&quot;:320,&quot;thumb&quot;:150}},&quot;18077999747279636&quot;:{&quot;id&quot;:&quot;555091895_18095265631673587_1639791443984488008_n&quot;,&quot;ratio&quot;:&quot;1.72&quot;,&quot;sizes&quot;:{&quot;full&quot;:640,&quot;low&quot;:320,&quot;thumb&quot;:150}},&quot;18030941306558454&quot;:{&quot;id&quot;:&quot;603752241_1748848819132553_6401793764102526520_n&quot;,&quot;ratio&quot;:&quot;0.56&quot;,&quot;sizes&quot;:{&quot;full&quot;:640,&quot;low&quot;:320,&quot;thumb&quot;:150}}}\">\r\n\t<\/span>\r\n\t<\/div>\r\n\r\n\n","protected":false},"excerpt":{"rendered":"","protected":false},"author":1,"featured_media":0,"parent":0,"menu_order":0,"comment_status":"closed","ping_status":"closed","template":"","meta":{"_monsterinsights_skip_tracking":false,"_monsterinsights_sitenote_active":false,"_monsterinsights_sitenote_note":"","_monsterinsights_sitenote_category":0},"_links":{"self":[{"href":"https:\/\/www.autoputs.fi\/index.php?rest_route=\/wp\/v2\/pages\/141"}],"collection":[{"href":"https:\/\/www.autoputs.fi\/index.php?rest_route=\/wp\/v2\/pages"}],"about":[{"href":"https:\/\/www.autoputs.fi\/index.php?rest_route=\/wp\/v2\/types\/page"}],"author":[{"embeddable":true,"href":"https:\/\/www.autoputs.fi\/index.php?rest_route=\/wp\/v2\/users\/1"}],"replies":[{"embeddable":true,"href":"https:\/\/www.autoputs.fi\/index.php?rest_route=%2Fwp%2Fv2%2Fcomments&post=141"}],"version-history":[{"count":9,"href":"https:\/\/www.autoputs.fi\/index.php?rest_route=\/wp\/v2\/pages\/141\/revisions"}],"predecessor-version":[{"id":481,"href":"https:\/\/www.autoputs.fi\/index.php?rest_route=\/wp\/v2\/pages\/141\/revisions\/481"}],"wp:attachment":[{"href":"https:\/\/www.autoputs.fi\/index.php?rest_route=%2Fwp%2Fv2%2Fmedia&parent=141"}],"curies":[{"name":"wp","href":"https:\/\/api.w.org\/{rel}","templated":true}]}}