{"id":153,"date":"2019-08-28T07:22:39","date_gmt":"2019-08-28T07:22:39","guid":{"rendered":"https:\/\/www.autoputs.fi\/?page_id=153"},"modified":"2019-11-20T08:50:28","modified_gmt":"2019-11-20T06:50:28","slug":"om-oss","status":"publish","type":"page","link":"https:\/\/www.autoputs.fi\/?page_id=153","title":{"rendered":"Om oss"},"content":{"rendered":"\n<p class=\"has-large-font-size\">F\u00f6retaget grundades 2009 och \u00e4r\nspecialiserat inom bilv\u00e5rd.<\/p>\n\n\n\n<p>Med \u00f6ver 10 \u00e5rs erfarenhet har vi pr\u00f6vat oss fram till vad som \u00e4r det b\u00e4sta f\u00f6r just din bil. Vi f\u00f6ljer konstant med utvecklingen och testar nya produkter f\u00f6r att h\u00e5lla oss uppdaterade inom branschen.<\/p>\n\n\n\n<p>Alla v\u00e5ra tj\u00e4nster g\u00f6rs f\u00f6r hand och produkterna vi anv\u00e4nder oss av \u00e4r naturv\u00e4nliga. Ist\u00e4llet f\u00f6r tv\u00e4ttsvamp anv\u00e4nder vi mjuka fibertv\u00e4tthandskar f\u00f6r att minimera slitage p\u00e5 lackytan vid tv\u00e4tt.<\/p>\n\n\n\n<div class=\"wp-block-image\"><figure class=\"aligncenter is-resized\"><img loading=\"lazy\" src=\"https:\/\/www.autoputs.fi\/wp-content\/uploads\/2019\/05\/gen_logo.png\" alt=\"\" class=\"wp-image-88\" width=\"255\" height=\"188\" srcset=\"https:\/\/www.autoputs.fi\/wp-content\/uploads\/2019\/05\/gen_logo.png 510w, https:\/\/www.autoputs.fi\/wp-content\/uploads\/2019\/05\/gen_logo-300x221.png 300w, https:\/\/www.autoputs.fi\/wp-content\/uploads\/2019\/05\/gen_logo-95x70.png 95w\" sizes=\"(max-width: 255px) 100vw, 255px\" \/><\/figure><\/div>\n","protected":false},"excerpt":{"rendered":"<p>F\u00f6retaget grundades 2009 och \u00e4r specialiserat inom bilv\u00e5rd. Med \u00f6ver 10 \u00e5rs erfarenhet har vi pr\u00f6vat oss fram till vad som \u00e4r det b\u00e4sta f\u00f6r just din bil. Vi f\u00f6ljer konstant med utvecklingen och testar nya produkter f\u00f6r att h\u00e5lla oss uppdaterade inom branschen. Alla v\u00e5ra tj\u00e4nster g\u00f6rs f\u00f6r hand [&hellip;]<\/p>\n","protected":false},"author":1,"featured_media":0,"parent":0,"menu_order":0,"comment_status":"closed","ping_status":"closed","template":"","meta":{"_monsterinsights_skip_tracking":false,"_monsterinsights_sitenote_active":false,"_monsterinsights_sitenote_note":"","_monsterinsights_sitenote_category":0},"_links":{"self":[{"href":"https:\/\/www.autoputs.fi\/index.php?rest_route=\/wp\/v2\/pages\/153"}],"collection":[{"href":"https:\/\/www.autoputs.fi\/index.php?rest_route=\/wp\/v2\/pages"}],"about":[{"href":"https:\/\/www.autoputs.fi\/index.php?rest_route=\/wp\/v2\/types\/page"}],"author":[{"embeddable":true,"href":"https:\/\/www.autoputs.fi\/index.php?rest_route=\/wp\/v2\/users\/1"}],"replies":[{"embeddable":true,"href":"https:\/\/www.autoputs.fi\/index.php?rest_route=%2Fwp%2Fv2%2Fcomments&post=153"}],"version-history":[{"count":8,"href":"https:\/\/www.autoputs.fi\/index.php?rest_route=\/wp\/v2\/pages\/153\/revisions"}],"predecessor-version":[{"id":409,"href":"https:\/\/www.autoputs.fi\/index.php?rest_route=\/wp\/v2\/pages\/153\/revisions\/409"}],"wp:attachment":[{"href":"https:\/\/www.autoputs.fi\/index.php?rest_route=%2Fwp%2Fv2%2Fmedia&parent=153"}],"curies":[{"name":"wp","href":"https:\/\/api.w.org\/{rel}","templated":true}]}}