{"id":343,"date":"2019-10-13T13:50:33","date_gmt":"2019-10-13T13:50:33","guid":{"rendered":"https:\/\/www.autoputs.fi\/?page_id=343"},"modified":"2021-11-09T08:20:24","modified_gmt":"2021-11-09T06:20:24","slug":"tjanster-prislista-2019","status":"publish","type":"page","link":"https:\/\/www.autoputs.fi\/?page_id=343","title":{"rendered":"Tj\u00e4nster &#038; Prislista 2019"},"content":{"rendered":"\n<p><span style=\"padding-left:20px\">Effekttv\u00e4tt<\/span> <span style=\"float:right\">19\u20ac<\/span>  <br><span class=\"dashicons dashicons-star-filled\" style=\"font-size:12pt; color: #90c900;padding-top:7px\"><\/span>Vaxtv\u00e4tt <span style=\"font-size:10pt\">(Rekommenderas)<\/span> <span style=\"float:right\">23\u20ac<\/span>   <br><span style=\"padding-left:20px\">Paketbil \/ vaxtv\u00e4tt <\/span><span style=\"float:right\">35\u20ac<\/span>  <br><span style=\"padding-left:20px\">Vaxtv\u00e4tt &amp; dammsugning <\/span><span style=\"float:right\">38\u20ac<\/span>  <br><span style=\"padding-left:20px\">Vaxtv\u00e4tt samt innerst\u00e4dning <\/span><span style=\"float:right\">53\u20ac<\/span>  <br><span style=\"padding-left:20px\">Dammsugning <\/span><span style=\"float:right\">15\u20ac<\/span>  <br><span style=\"padding-left:20px\">Innerst\u00e4dning <\/span><span style=\"float:right\">30\u20ac<\/span>  <br><span style=\"padding-left:20px\">L\u00e4ttvaxning (Glansvax)<\/span> <span style=\"float:right\">55\u20ac<\/span>  <br><span class=\"dashicons dashicons-star-filled\" style=\"font-size:12pt; color: #90c900;padding-top:7px\"><\/span>H\u00e5rdvaxning  6m\u00e5n <span style=\"font-size:10pt\">(Rekommenderas)<\/span> <span style=\"float:right\">85\u20ac<\/span>  <br><span class=\"dashicons dashicons-star-filled\" style=\"font-size:12pt; color: #90c900;padding-top:7px\"><\/span>H\u00e5rdvaxning  12m\u00e5n <span style=\"font-size:10pt\">(Rekommenderas)<\/span> <span style=\"float:right\">145\u20ac<\/span>  <br><span style=\"padding-left:20px\">Helv\u00e5rd (6m\u00e5n vaxning)<\/span> <span style=\"float:right\">115\u20ac <\/span>  <br><span style=\"padding-left:20px\">Helv\u00e5rd (12m\u00e5n vaxning)<\/span> <span style=\"float:right\">175\u20ac<\/span>  <br><span style=\"padding-left:20px\">Swirl polering <span style=\"font-size:8pt\">(g\u00f6rs i samband med vaxningar)<\/span><\/span> <span style=\"float:right\">50\u20ac<\/span>  <br><span style=\"padding-left:20px\">Sm\u00e5 poleringsjobb<\/span> <span style=\"float:right\">fr\u00e5n 30\u20ac<\/span>  <br><span style=\"padding-left:20px\">Polering<\/span> <span style=\"font-size:8pt\">F\u00f6r ett fast pris granskas bilen f\u00f6rst<\/span> <span style=\"float:right\">(fr\u00e5n 250\u20ac)<\/span>  <br><span style=\"padding-left:20px\">Polering av lyktor<\/span> <span style=\"float:right\">100\u20ac \/ par<\/span>  <br><span style=\"padding-left:20px\">F\u00e4lgreng\u00f6ring<\/span> <span style=\"float:right\">10\u20ac<\/span>    <br><span style=\"padding-left:20px\">Underredestv\u00e4tt<\/span> <span style=\"float:right\">20\u20ac<\/span>    <br><span style=\"padding-left:20px\">Motortv\u00e4tt<\/span> <span style=\"float:right\">20\u20ac<\/span>    <br><span style=\"padding-left:20px\">Tv\u00e4ttning av s\u00e4ten<\/span> <span style=\"float:right\">50\u20ac\/h<\/span>  <br><span style=\"padding-left:20px\">L\u00e4derkl\u00e4dselv\u00e5rd<\/span> <span style=\"float:right\">25\u20ac<\/span>  <br><span style=\"padding-left:20px\">Ozonering<\/span> <span style=\"float:right\">50\u20ac<\/span>  <br><span style=\"padding-left:20px\">D\u00e4ckbyte<\/span> <span style=\"float:right\">25\u20ac (med f\u00e4lgtv\u00e4tt 29\u20ac)<\/span> <br><span style=\"padding-left:20px\">Motorcykeltv\u00e4tt (RING F\u00d6R BOKNING)<\/span> <span style=\"float:right\">15\u20ac<\/span><\/p>\n\n\n\n<p>En till\u00e4ggsavgift debiteras om fordonet \u00e4r h\u00f6gre \u00e4n 2.1 meter.<\/p>\n\n\n\n<div class=\"wp-block-button aligncenter\"><a class=\"wp-block-button__link has-navbar-background-background-color has-background\" href=\"https:\/\/www.autoputs.fi\/?page_id=97\">BOKA NU<\/a><\/div>\n\n\n\n<div class=\"wp-block-themeisle-blocks-advanced-columns has-undefined-columns has-desktop-undefined-layout has-tablet-equal-layout has-mobile-equal-layout has-default-gap has-vertical-unset\" id=\"wp-block-themeisle-blocks-advanced-columns-f48cd308\" style=\"border-width:0px;border-style:solid;border-color:#000000;border-radius:0px;justify-content:unset\"><div class=\"wp-themeisle-block-overlay\" style=\"opacity:0.5;mix-blend-mode:normal\"><\/div><div class=\"innerblocks-wrap\"><\/div><\/div>\n","protected":false},"excerpt":{"rendered":"<p>Effekttv\u00e4tt 19\u20ac Vaxtv\u00e4tt (Rekommenderas) 23\u20ac Paketbil \/ vaxtv\u00e4tt 35\u20ac Vaxtv\u00e4tt &amp; dammsugning 38\u20ac Vaxtv\u00e4tt samt innerst\u00e4dning 53\u20ac Dammsugning 15\u20ac Innerst\u00e4dning 30\u20ac L\u00e4ttvaxning (Glansvax) 55\u20ac H\u00e5rdvaxning 6m\u00e5n (Rekommenderas) 85\u20ac H\u00e5rdvaxning 12m\u00e5n (Rekommenderas) 145\u20ac Helv\u00e5rd (6m\u00e5n vaxning) 115\u20ac Helv\u00e5rd (12m\u00e5n vaxning) 175\u20ac Swirl polering (g\u00f6rs i samband med vaxningar) 50\u20ac Sm\u00e5 poleringsjobb [&hellip;]<\/p>\n","protected":false},"author":1,"featured_media":0,"parent":0,"menu_order":0,"comment_status":"closed","ping_status":"closed","template":"","meta":{"_monsterinsights_skip_tracking":false,"_monsterinsights_sitenote_active":false,"_monsterinsights_sitenote_note":"","_monsterinsights_sitenote_category":0},"_links":{"self":[{"href":"https:\/\/www.autoputs.fi\/index.php?rest_route=\/wp\/v2\/pages\/343"}],"collection":[{"href":"https:\/\/www.autoputs.fi\/index.php?rest_route=\/wp\/v2\/pages"}],"about":[{"href":"https:\/\/www.autoputs.fi\/index.php?rest_route=\/wp\/v2\/types\/page"}],"author":[{"embeddable":true,"href":"https:\/\/www.autoputs.fi\/index.php?rest_route=\/wp\/v2\/users\/1"}],"replies":[{"embeddable":true,"href":"https:\/\/www.autoputs.fi\/index.php?rest_route=%2Fwp%2Fv2%2Fcomments&post=343"}],"version-history":[{"count":17,"href":"https:\/\/www.autoputs.fi\/index.php?rest_route=\/wp\/v2\/pages\/343\/revisions"}],"predecessor-version":[{"id":482,"href":"https:\/\/www.autoputs.fi\/index.php?rest_route=\/wp\/v2\/pages\/343\/revisions\/482"}],"wp:attachment":[{"href":"https:\/\/www.autoputs.fi\/index.php?rest_route=%2Fwp%2Fv2%2Fmedia&parent=343"}],"curies":[{"name":"wp","href":"https:\/\/api.w.org\/{rel}","templated":true}]}}