{"id":349,"date":"2019-10-13T13:49:34","date_gmt":"2019-10-13T13:49:34","guid":{"rendered":"https:\/\/www.autoputs.fi\/?page_id=349"},"modified":"2019-10-23T09:49:53","modified_gmt":"2019-10-23T06:49:53","slug":"palvelut-hinnasto-2019","status":"publish","type":"page","link":"https:\/\/www.autoputs.fi\/?page_id=349&lang=fi","title":{"rendered":"Palvelut &#038; hinnasto 2019"},"content":{"rendered":"\n<p><span style=\"padding-left:20px\">Tehopesu<\/span> <span style=\"float:right\">19\u20ac<\/span>  <br><span class=\"dashicons dashicons-star-filled\" style=\"font-size:12pt; color: #90c900;padding-top:7px\"><\/span>Vahapesu (Suositellaan) <span style=\"float:right\">23\u20ac<\/span>   <br><span style=\"padding-left:20px\">Pakettiauto \/ vahapesu <\/span><span style=\"float:right\">35\u20ac<\/span>  <br><span style=\"padding-left:20px\">Vahapesu &amp; imurointi <\/span><span style=\"float:right\">38\u20ac<\/span>  <br><span style=\"padding-left:20px\">Vahapesu ja sis\u00e4tilanpuhdistus <\/span><span style=\"float:right\">53\u20ac<\/span>  <br><span style=\"padding-left:20px\">Imurointi <\/span><span style=\"float:right\">15\u20ac<\/span>  <br><span style=\"padding-left:20px\">Sis\u00e4tilanpuhdistus <\/span><span style=\"float:right\">30\u20ac<\/span>  <br><span style=\"padding-left:20px\">Kevytvahaus (Kiiltovaha)<\/span> <span style=\"float:right\">55\u20ac<\/span>  <br><span class=\"dashicons dashicons-star-filled\" style=\"font-size:12pt; color: #90c900;padding-top:7px\"><\/span>Kovavahaus  6kk (Suositellaan) <span style=\"float:right\">85\u20ac<\/span>  <br><span class=\"dashicons dashicons-star-filled\" style=\"font-size:12pt; color: #90c900;padding-top:7px\"><\/span>Kovavahaus  12kk (Suositellaan) <span style=\"float:right\">145\u20ac<\/span>  <br><span style=\"padding-left:20px\">T\u00e4yshoito (6kk vahaus)<\/span> <span style=\"float:right\">115\u20ac <\/span>  <br><span style=\"padding-left:20px\">T\u00e4yshoito (12kk vahaus)<\/span> <span style=\"float:right\">145\u20ac<\/span>  <br><span style=\"padding-left:20px\">Swirl poleraus <span style=\"font-size:10pt\">(tehd\u00e4\u00e4n vahauksen yhteydess\u00e4)<\/span><\/span> <span style=\"float:right\">50\u20ac<\/span>  <br><span style=\"padding-left:20px\">Pienet myllytysty\u00f6t<\/span> <span style=\"float:right\">alk. 30\u20ac<\/span>  <br><span style=\"padding-left:20px\">Myllytys<\/span> <span style=\"font-size:8pt\">Auto tarkistetaan ensin.<\/span> <span style=\"float:right\">(alk. 250\u20ac)<\/span>  <br><span style=\"padding-left:20px\">Ajovalojen kiillotus<\/span> <span style=\"float:right\">100\u20ac \/ pari<\/span>  <br><span style=\"padding-left:20px\">Vannepuhdistus<\/span> <span style=\"float:right\">10\u20ac<\/span>    <br><span style=\"padding-left:20px\">Alustapesu<\/span> <span style=\"float:right\">20\u20ac<\/span>    <br><span style=\"padding-left:20px\">Penkkien pesu<\/span><span style=\"float:right\">50\u20ac\/h<\/span>  <br><span style=\"padding-left:20px\">Nahkaverhoilun k\u00e4sittely<\/span> <span style=\"float:right\">25\u20ac<\/span>  <br><span style=\"padding-left:20px\">Otsonointi<\/span> <span style=\"float:right\">50\u20ac<\/span>  <br><span style=\"padding-left:20px\">Renkaanvaihto<\/span> <span style=\"float:right\">25\u20ac <span style=\"font-size:8pt\">(Renkaiden huuhtelun kanssa 29\u20ac)<\/span><\/span>  <br><span style=\"padding-left:20px\">Moottoripy\u00f6r\u00e4pesu (SOITA JA VARAA)<\/span> <span style=\"float:right\">15\u20ac<\/span>     <\/p>\n\n\n\n<div class=\"wp-block-button aligncenter\"><a class=\"wp-block-button__link has-background has-navbar-background-background-color\" href=\"https:\/\/www.autoputs.fi\/?page_id=288&amp;lang=fi\">VARAA NYT<\/a><\/div>\n\n\n\n<div class=\"wp-block-themeisle-blocks-advanced-columns has-undefined-columns has-desktop-undefined-layout has-tablet-equal-layout has-mobile-equal-layout has-default-gap has-vertical-unset\" id=\"wp-block-themeisle-blocks-advanced-columns-7108430d\" style=\"border-width:0px;border-style:solid;border-color:#000000;border-radius:0px;justify-content:unset\"><div class=\"wp-themeisle-block-overlay\" style=\"opacity:0.5;mix-blend-mode:normal\"><\/div><div class=\"innerblocks-wrap\"><\/div><\/div>\n","protected":false},"excerpt":{"rendered":"<p>Tehopesu 19\u20ac Vahapesu (Suositellaan) 23\u20ac Pakettiauto \/ vahapesu 35\u20ac Vahapesu &amp; imurointi 38\u20ac Vahapesu ja sis\u00e4tilanpuhdistus 53\u20ac Imurointi 15\u20ac Sis\u00e4tilanpuhdistus 30\u20ac Kevytvahaus (Kiiltovaha) 55\u20ac Kovavahaus 6kk (Suositellaan) 85\u20ac Kovavahaus 12kk (Suositellaan) 145\u20ac T\u00e4yshoito (6kk vahaus) 115\u20ac T\u00e4yshoito (12kk vahaus) 145\u20ac Swirl poleraus (tehd\u00e4\u00e4n vahauksen yhteydess\u00e4) 50\u20ac Pienet myllytysty\u00f6t alk. 30\u20ac [&hellip;]<\/p>\n","protected":false},"author":1,"featured_media":0,"parent":0,"menu_order":0,"comment_status":"closed","ping_status":"closed","template":"","meta":{"_monsterinsights_skip_tracking":false,"_monsterinsights_sitenote_active":false,"_monsterinsights_sitenote_note":"","_monsterinsights_sitenote_category":0},"_links":{"self":[{"href":"https:\/\/www.autoputs.fi\/index.php?rest_route=\/wp\/v2\/pages\/349"}],"collection":[{"href":"https:\/\/www.autoputs.fi\/index.php?rest_route=\/wp\/v2\/pages"}],"about":[{"href":"https:\/\/www.autoputs.fi\/index.php?rest_route=\/wp\/v2\/types\/page"}],"author":[{"embeddable":true,"href":"https:\/\/www.autoputs.fi\/index.php?rest_route=\/wp\/v2\/users\/1"}],"replies":[{"embeddable":true,"href":"https:\/\/www.autoputs.fi\/index.php?rest_route=%2Fwp%2Fv2%2Fcomments&post=349"}],"version-history":[{"count":17,"href":"https:\/\/www.autoputs.fi\/index.php?rest_route=\/wp\/v2\/pages\/349\/revisions"}],"predecessor-version":[{"id":396,"href":"https:\/\/www.autoputs.fi\/index.php?rest_route=\/wp\/v2\/pages\/349\/revisions\/396"}],"wp:attachment":[{"href":"https:\/\/www.autoputs.fi\/index.php?rest_route=%2Fwp%2Fv2%2Fmedia&parent=349"}],"curies":[{"name":"wp","href":"https:\/\/api.w.org\/{rel}","templated":true}]}}